{"id":13471,"date":"2023-12-05T10:15:08","date_gmt":"2023-12-05T09:15:08","guid":{"rendered":"https:\/\/eduma.thimpress.com\/demo-main\/?page_id=13471"},"modified":"2024-12-06T15:53:45","modified_gmt":"2024-12-06T14:53:45","slug":"exercises","status":"publish","type":"page","link":"https:\/\/jupiteridiomas.com\/es\/exercises\/","title":{"rendered":"Ejercicios"},"content":{"rendered":"<div data-elementor-type=\"wp-page\" data-elementor-id=\"13471\" class=\"elementor elementor-13471\">\n\t\t\t\t\t\t<section class=\"elementor-section elementor-top-section elementor-element elementor-element-8dba770 elementor-section-boxed elementor-section-height-default elementor-section-height-default\" data-id=\"8dba770\" data-element_type=\"section\">\n\t\t\t\t\t\t<div class=\"elementor-container elementor-column-gap-no\">\n\t\t\t\t\t<div class=\"elementor-column elementor-col-100 elementor-top-column elementor-element elementor-element-8b725a0 thim-widget-portfolio\" data-id=\"8b725a0\" data-element_type=\"column\">\n\t\t\t<div class=\"elementor-widget-wrap elementor-element-populated\">\n\t\t\t\t\t\t<div class=\"elementor-element elementor-element-505b1aa elementor-widget thim-widget-portfolio\" data-id=\"505b1aa\" data-element_type=\"widget\" data-widget_type=\"thim-portfolio.default\">\n\t\t\t\t<div class=\"elementor-widget-container\">\n\t\t\t\t<div\n\t\tclass=\"wapper_portfolio style09 gutter same paging\">\n\t\t\t\t\t<div class=\"portfolio-tabs-wapper filters\" style=\"text-align:left;\" >\n\t\t\t\t<ul class=\"portfolio-tabs\">\n\t\t\t\t\t\t\t\t\t\t\t<li><a href =\"\/es\/1\/\" class=\"filter active\"\n\t\t\t\t\t\t\t   data-filter=\"*\">Todos<\/a>\n\t\t\t\t\t\t<\/li>\n\t\t\t\t\t\t\t\t\t\t\t\t\t\t\t\t\t\t\t\t\t<li>\n\t\t\t\t\t\t\t\t\t<a class=\"filter\" href\n\t\t\t\t\t\t\t\t\t data-filter=\".a1\">A1<\/a>\n\t\t\t\t\t\t\t\t<\/li>\n\t\t\t\t\t\t\t\t\t\t\t\t\t\t\t\t\t<\/ul>\n\t\t\t<\/div>\n\t\t\n\t\t<div class=\"portfolio_column\">\n\t\t\t<ul class=\"content_portfolio style09\">\n\t\t\t\t<li data-color=\"\" class=\"element-item a1  item_portfolio  four-col\" ><div class=\"portfolio-image\"><div class=\"img-portfolio\"><div class = \"image-popup\"><a href = \"https:\/\/jupiteridiomas.com\/wp-content\/uploads\/2024\/06\/DELE-A2-480x320.png\" ><i aria-hidden=\"true\" class=\"tk tk-expand\"><\/i><\/a><a href=\"https:\/\/jupiteridiomas.com\/es\/portfolio\/articulos-el-la-los-las\/\"><i aria-hidden=\"true\" class=\"tk tk-plus\"><\/i><\/a><\/div><a href=\"https:\/\/jupiteridiomas.com\/es\/portfolio\/articulos-el-la-los-las\/\" title=\"Articulos El\/la\/los\/las\"><img decoding=\"async\" src=\"https:\/\/jupiteridiomas.com\/wp-content\/uploads\/2024\/06\/DELE-A2-480x320.png\" title=\"Articulos El\/la\/los\/las\" alt=\"Articulos El\/la\/los\/las\" \/><\/a><\/div><div class=\"portfolio-hover\" ><div class=\"thumb-bg\"><div class=\"mask-content\"><h3><a href=\"https:\/\/jupiteridiomas.com\/es\/portfolio\/articulos-el-la-los-las\/\" title=\"Articulos El\/la\/los\/las\" >Articulos El\/la\/los\/las<\/a><\/h3><div class=\"cat_portfolio\"><a href=\"https:\/\/jupiteridiomas.com\/es\/portfolio_category\/a1\/\">A1<\/a><\/div><p class=\"description\"> Los art\u00edculos definidos en espa\u00f1ol son &#8220;la&#8221;, &#8220;las&#8221;, &#8220;el&#8221; y &#8220;los&#8221;. Estos art\u00edculos se utilizan para referirse a sustantivos espec\u00edficos que ya han sido mencionados o que son conocidos por los hablantes. Art\u00edculos Definidos: La: singular femenino Las: plural femenino &hellip;  <\/p><a href=\"https:\/\/jupiteridiomas.com\/es\/portfolio\/articulos-el-la-los-las\/\" title=\"Articulos El\/la\/los\/las\" class=\"btn_zoom\" >Ver m\u00e1s<\/a><\/div><\/div><\/div><\/div><\/li>\n\t\t\t\t<li data-color=\"\" class=\"element-item a1  item_portfolio  four-col\" ><div class=\"portfolio-image\"><div class=\"img-portfolio\"><div class = \"image-popup\"><a href = \"https:\/\/jupiteridiomas.com\/wp-content\/uploads\/2024\/03\/ojo-480x320.jpg\" ><i aria-hidden=\"true\" class=\"tk tk-expand\"><\/i><\/a><a href=\"https:\/\/jupiteridiomas.com\/es\/portfolio\/cuerpo-humano\/\"><i aria-hidden=\"true\" class=\"tk tk-plus\"><\/i><\/a><\/div><a href=\"https:\/\/jupiteridiomas.com\/es\/portfolio\/cuerpo-humano\/\" title=\"Cara (Face, \u0a1a\u0a3f\u0a39\u0a30\u0a3e, \u091a\u0947\u0939\u0930\u093e)\"><img decoding=\"async\" src=\"https:\/\/jupiteridiomas.com\/wp-content\/uploads\/2024\/03\/ojo-480x320.jpg\" title=\"Cara (Face, \u0a1a\u0a3f\u0a39\u0a30\u0a3e, \u091a\u0947\u0939\u0930\u093e)\" alt=\"Cara (Face, \u0a1a\u0a3f\u0a39\u0a30\u0a3e, \u091a\u0947\u0939\u0930\u093e)\" \/><\/a><\/div><div class=\"portfolio-hover\" ><div class=\"thumb-bg\"><div class=\"mask-content\"><h3><a href=\"https:\/\/jupiteridiomas.com\/es\/portfolio\/cuerpo-humano\/\" title=\"Cara (Face, \u0a1a\u0a3f\u0a39\u0a30\u0a3e, \u091a\u0947\u0939\u0930\u093e)\" >Cara (Face, \u0a1a\u0a3f\u0a39\u0a30\u0a3e, \u091a\u0947\u0939\u0930\u093e)<\/a><\/h3><div class=\"cat_portfolio\"><a href=\"https:\/\/jupiteridiomas.com\/es\/portfolio_category\/a1\/\">A1<\/a><\/div><p class=\"description\"> Vamos a aprender las diferentes partes de la cara. Let&#8217;s learn the different parts of the face. <\/p><a href=\"https:\/\/jupiteridiomas.com\/es\/portfolio\/cuerpo-humano\/\" title=\"Cara (Face, \u0a1a\u0a3f\u0a39\u0a30\u0a3e, \u091a\u0947\u0939\u0930\u093e)\" class=\"btn_zoom\" >Ver m\u00e1s<\/a><\/div><\/div><\/div><\/div><\/li>\n\t\t\t\t\t\t\t<\/ul>\n\t\t\t\t\t<\/div>\n\t<\/div>\n\t<!-- .wapper portfolio -->\n\t\t<\/div>\n\t\t\t\t<\/div>\n\t\t\t\t\t<\/div>\n\t\t<\/div>\n\t\t\t\t\t<\/div>\n\t\t<\/section>\n\t\t\t\t<\/div>","protected":false},"excerpt":{"rendered":"<p>All Presentations Courses Startup Team Presentations Lorem Ipsum is simply dummy text of the printing and typesetting industry. Lorem Ipsum has been the industry&#8217;s standard dummy text ever since the 1500s, when an unknown printer took a galley of type &hellip; <\/p>","protected":false},"author":1,"featured_media":0,"parent":0,"menu_order":0,"comment_status":"closed","ping_status":"closed","template":"","meta":{"ub_ctt_via":"","footnotes":""},"class_list":["post-13471","page","type-page","status-publish","hentry"],"featured_image_src":null,"yoast_head":"<!-- This site is optimized with the Yoast SEO plugin v24.0 - https:\/\/yoast.com\/wordpress\/plugins\/seo\/ -->\n<title>Exercises - Jupiter Idiomas Free Online Spanish and English Exercises<\/title>\n<meta name=\"description\" content=\"Practice Spanish and English online with free exercises tailored for Punjabi, Hindi, and Urdu speakers. Enhance your language skills at your own pace with our interactive activities.\" \/>\n<meta name=\"robots\" content=\"index, follow, max-snippet:-1, max-image-preview:large, max-video-preview:-1\" \/>\n<link rel=\"canonical\" href=\"https:\/\/jupiteridiomas.com\/es\/exercises\/\" \/>\n<meta property=\"og:locale\" content=\"es_ES\" \/>\n<meta property=\"og:type\" content=\"article\" \/>\n<meta property=\"og:title\" content=\"Exercises - Jupiter Idiomas Free Online Spanish and English Exercises\" \/>\n<meta property=\"og:description\" content=\"Practice Spanish and English online with free exercises tailored for Punjabi, Hindi, and Urdu speakers. Enhance your language skills at your own pace with our interactive activities.\" \/>\n<meta property=\"og:url\" content=\"https:\/\/jupiteridiomas.com\/es\/exercises\/\" \/>\n<meta property=\"og:site_name\" content=\"Jupiter Idiomas\" \/>\n<meta property=\"article:modified_time\" content=\"2024-12-06T14:53:45+00:00\" \/>\n<meta property=\"og:image\" content=\"https:\/\/jupiteridiomas.com\/wp-content\/uploads\/2016\/03\/portfolio-course-5-1-480x320.jpg\" \/>\n<meta name=\"twitter:card\" content=\"summary_large_image\" \/>\n<meta name=\"twitter:label1\" content=\"Tiempo de lectura\" \/>\n\t<meta name=\"twitter:data1\" content=\"2 minutos\" \/>\n<script type=\"application\/ld+json\" class=\"yoast-schema-graph\">{\"@context\":\"https:\/\/schema.org\",\"@graph\":[{\"@type\":\"WebPage\",\"@id\":\"https:\/\/jupiteridiomas.com\/exercises\/\",\"url\":\"https:\/\/jupiteridiomas.com\/exercises\/\",\"name\":\"Exercises - Jupiter Idiomas Free Online Spanish and English Exercises\",\"isPartOf\":{\"@id\":\"https:\/\/jupiteridiomas.com\/#website\"},\"primaryImageOfPage\":{\"@id\":\"https:\/\/jupiteridiomas.com\/exercises\/#primaryimage\"},\"image\":{\"@id\":\"https:\/\/jupiteridiomas.com\/exercises\/#primaryimage\"},\"thumbnailUrl\":\"https:\/\/jupiteridiomas.com\/wp-content\/uploads\/2016\/03\/portfolio-course-5-1-480x320.jpg\",\"datePublished\":\"2023-12-05T09:15:08+00:00\",\"dateModified\":\"2024-12-06T14:53:45+00:00\",\"description\":\"Practice Spanish and English online with free exercises tailored for Punjabi, Hindi, and Urdu speakers. Enhance your language skills at your own pace with our interactive activities.\",\"breadcrumb\":{\"@id\":\"https:\/\/jupiteridiomas.com\/exercises\/#breadcrumb\"},\"inLanguage\":\"es\",\"potentialAction\":[{\"@type\":\"ReadAction\",\"target\":[\"https:\/\/jupiteridiomas.com\/exercises\/\"]}]},{\"@type\":\"ImageObject\",\"inLanguage\":\"es\",\"@id\":\"https:\/\/jupiteridiomas.com\/exercises\/#primaryimage\",\"url\":\"https:\/\/jupiteridiomas.com\/wp-content\/uploads\/2016\/03\/portfolio-course-5-1-480x320.jpg\",\"contentUrl\":\"https:\/\/jupiteridiomas.com\/wp-content\/uploads\/2016\/03\/portfolio-course-5-1-480x320.jpg\"},{\"@type\":\"BreadcrumbList\",\"@id\":\"https:\/\/jupiteridiomas.com\/exercises\/#breadcrumb\",\"itemListElement\":[{\"@type\":\"ListItem\",\"position\":1,\"name\":\"Portada\",\"item\":\"https:\/\/jupiteridiomas.com\/\"},{\"@type\":\"ListItem\",\"position\":2,\"name\":\"Exercises\"}]},{\"@type\":\"WebSite\",\"@id\":\"https:\/\/jupiteridiomas.com\/#website\",\"url\":\"https:\/\/jupiteridiomas.com\/\",\"name\":\"Jupiter Idiomas\",\"description\":\"Jupiter Idiomas\",\"publisher\":{\"@id\":\"https:\/\/jupiteridiomas.com\/#organization\"},\"potentialAction\":[{\"@type\":\"SearchAction\",\"target\":{\"@type\":\"EntryPoint\",\"urlTemplate\":\"https:\/\/jupiteridiomas.com\/?s={search_term_string}\"},\"query-input\":{\"@type\":\"PropertyValueSpecification\",\"valueRequired\":true,\"valueName\":\"search_term_string\"}}],\"inLanguage\":\"es\"},{\"@type\":\"Organization\",\"@id\":\"https:\/\/jupiteridiomas.com\/#organization\",\"name\":\"Jupiter Idiomas\",\"url\":\"https:\/\/jupiteridiomas.com\/\",\"logo\":{\"@type\":\"ImageObject\",\"inLanguage\":\"es\",\"@id\":\"https:\/\/jupiteridiomas.com\/#\/schema\/logo\/image\/\",\"url\":\"https:\/\/jupiteridiomas.com\/wp-content\/uploads\/2024\/09\/WhatsApp-Image-2024-09-21-at-22.05.14.jpeg\",\"contentUrl\":\"https:\/\/jupiteridiomas.com\/wp-content\/uploads\/2024\/09\/WhatsApp-Image-2024-09-21-at-22.05.14.jpeg\",\"width\":1284,\"height\":1257,\"caption\":\"Jupiter Idiomas\"},\"image\":{\"@id\":\"https:\/\/jupiteridiomas.com\/#\/schema\/logo\/image\/\"},\"sameAs\":[\"https:\/\/www.tiktok.com\/@jupiter_idiomas\",\"https:\/\/www.instagram.com\/jupiteridiomas\/\",\"https:\/\/www.youtube.com\/@Learnspanishbyjupiteridiomas\"]}]}<\/script>\n<!-- \/ Yoast SEO plugin. -->","yoast_head_json":{"title":"Exercises - Jupiter Idiomas Free Online Spanish and English Exercises","description":"Practice Spanish and English online with free exercises tailored for Punjabi, Hindi, and Urdu speakers. Enhance your language skills at your own pace with our interactive activities.","robots":{"index":"index","follow":"follow","max-snippet":"max-snippet:-1","max-image-preview":"max-image-preview:large","max-video-preview":"max-video-preview:-1"},"canonical":"https:\/\/jupiteridiomas.com\/es\/exercises\/","og_locale":"es_ES","og_type":"article","og_title":"Exercises - Jupiter Idiomas Free Online Spanish and English Exercises","og_description":"Practice Spanish and English online with free exercises tailored for Punjabi, Hindi, and Urdu speakers. Enhance your language skills at your own pace with our interactive activities.","og_url":"https:\/\/jupiteridiomas.com\/es\/exercises\/","og_site_name":"Jupiter Idiomas","article_modified_time":"2024-12-06T14:53:45+00:00","og_image":[{"url":"https:\/\/jupiteridiomas.com\/wp-content\/uploads\/2016\/03\/portfolio-course-5-1-480x320.jpg","type":"","width":"","height":""}],"twitter_card":"summary_large_image","twitter_misc":{"Tiempo de lectura":"2 minutos"},"schema":{"@context":"https:\/\/schema.org","@graph":[{"@type":"WebPage","@id":"https:\/\/jupiteridiomas.com\/exercises\/","url":"https:\/\/jupiteridiomas.com\/exercises\/","name":"Exercises - Jupiter Idiomas Free Online Spanish and English Exercises","isPartOf":{"@id":"https:\/\/jupiteridiomas.com\/#website"},"primaryImageOfPage":{"@id":"https:\/\/jupiteridiomas.com\/exercises\/#primaryimage"},"image":{"@id":"https:\/\/jupiteridiomas.com\/exercises\/#primaryimage"},"thumbnailUrl":"https:\/\/jupiteridiomas.com\/wp-content\/uploads\/2016\/03\/portfolio-course-5-1-480x320.jpg","datePublished":"2023-12-05T09:15:08+00:00","dateModified":"2024-12-06T14:53:45+00:00","description":"Practice Spanish and English online with free exercises tailored for Punjabi, Hindi, and Urdu speakers. Enhance your language skills at your own pace with our interactive activities.","breadcrumb":{"@id":"https:\/\/jupiteridiomas.com\/exercises\/#breadcrumb"},"inLanguage":"es","potentialAction":[{"@type":"ReadAction","target":["https:\/\/jupiteridiomas.com\/exercises\/"]}]},{"@type":"ImageObject","inLanguage":"es","@id":"https:\/\/jupiteridiomas.com\/exercises\/#primaryimage","url":"https:\/\/jupiteridiomas.com\/wp-content\/uploads\/2016\/03\/portfolio-course-5-1-480x320.jpg","contentUrl":"https:\/\/jupiteridiomas.com\/wp-content\/uploads\/2016\/03\/portfolio-course-5-1-480x320.jpg"},{"@type":"BreadcrumbList","@id":"https:\/\/jupiteridiomas.com\/exercises\/#breadcrumb","itemListElement":[{"@type":"ListItem","position":1,"name":"Portada","item":"https:\/\/jupiteridiomas.com\/"},{"@type":"ListItem","position":2,"name":"Exercises"}]},{"@type":"WebSite","@id":"https:\/\/jupiteridiomas.com\/#website","url":"https:\/\/jupiteridiomas.com\/","name":"Jupiter Idiomas","description":"Jupiter Idiomas","publisher":{"@id":"https:\/\/jupiteridiomas.com\/#organization"},"potentialAction":[{"@type":"SearchAction","target":{"@type":"EntryPoint","urlTemplate":"https:\/\/jupiteridiomas.com\/?s={search_term_string}"},"query-input":{"@type":"PropertyValueSpecification","valueRequired":true,"valueName":"search_term_string"}}],"inLanguage":"es"},{"@type":"Organization","@id":"https:\/\/jupiteridiomas.com\/#organization","name":"Jupiter Idiomas","url":"https:\/\/jupiteridiomas.com\/","logo":{"@type":"ImageObject","inLanguage":"es","@id":"https:\/\/jupiteridiomas.com\/#\/schema\/logo\/image\/","url":"https:\/\/jupiteridiomas.com\/wp-content\/uploads\/2024\/09\/WhatsApp-Image-2024-09-21-at-22.05.14.jpeg","contentUrl":"https:\/\/jupiteridiomas.com\/wp-content\/uploads\/2024\/09\/WhatsApp-Image-2024-09-21-at-22.05.14.jpeg","width":1284,"height":1257,"caption":"Jupiter Idiomas"},"image":{"@id":"https:\/\/jupiteridiomas.com\/#\/schema\/logo\/image\/"},"sameAs":["https:\/\/www.tiktok.com\/@jupiter_idiomas","https:\/\/www.instagram.com\/jupiteridiomas\/","https:\/\/www.youtube.com\/@Learnspanishbyjupiteridiomas"]}]}},"_links":{"self":[{"href":"https:\/\/jupiteridiomas.com\/es\/wp-json\/wp\/v2\/pages\/13471","targetHints":{"allow":["GET"]}}],"collection":[{"href":"https:\/\/jupiteridiomas.com\/es\/wp-json\/wp\/v2\/pages"}],"about":[{"href":"https:\/\/jupiteridiomas.com\/es\/wp-json\/wp\/v2\/types\/page"}],"author":[{"embeddable":true,"href":"https:\/\/jupiteridiomas.com\/es\/wp-json\/wp\/v2\/users\/1"}],"replies":[{"embeddable":true,"href":"https:\/\/jupiteridiomas.com\/es\/wp-json\/wp\/v2\/comments?post=13471"}],"version-history":[{"count":52,"href":"https:\/\/jupiteridiomas.com\/es\/wp-json\/wp\/v2\/pages\/13471\/revisions"}],"predecessor-version":[{"id":14209,"href":"https:\/\/jupiteridiomas.com\/es\/wp-json\/wp\/v2\/pages\/13471\/revisions\/14209"}],"wp:attachment":[{"href":"https:\/\/jupiteridiomas.com\/es\/wp-json\/wp\/v2\/media?parent=13471"}],"curies":[{"name":"wp","href":"https:\/\/api.w.org\/{rel}","templated":true}]}}